{"id":282,"date":"2026-03-11T15:05:48","date_gmt":"2026-03-11T13:05:48","guid":{"rendered":"https:\/\/frenify.com\/work\/wp\/noon\/pro\/01\/?page_id=282"},"modified":"2026-03-11T15:05:49","modified_gmt":"2026-03-11T13:05:49","slug":"home-magazine-2","status":"publish","type":"page","link":"https:\/\/gegfm.com\/1\/","title":{"rendered":"GEG FM"},"content":{"rendered":"<div class=\"daho_fn_block_posts daho_fn_block_posts_gamma\"><div class=\"block_wrapper\"><div class=\"marquee_wrapper\"><div class=\"marquee\" data-speed=\"17\"><div class=\"item\"><h4 class=\"post_title\"><a href=\"https:\/\/gegfm.com\/1\/formesimi-i-paqes-permes-se-vertetes\/\">Form\u00ebsimi i paqes p\u00ebrmes s\u00eb v\u00ebrtet\u00ebs<\/a><\/h4><span class=\"item_decor\"><\/span><\/div><div class=\"item\"><h4 class=\"post_title\"><a href=\"https:\/\/gegfm.com\/1\/amc-hall-15-maj-marcel-dettmann-sjell-nje-nate-te-madhe-techno-ne-prishtine\/\">AMC Hall, 15 maj: Marcel Dettmann sjell nj\u00eb nat\u00eb t\u00eb madhe techno n\u00eb Prishtin\u00eb<\/a><\/h4><span class=\"item_decor\"><\/span><\/div><div class=\"item\"><h4 class=\"post_title\"><a href=\"https:\/\/gegfm.com\/1\/koleksionet-e-reja-te-pranveres-kane-mberritur-ne-optika-moda\/\">Koleksionet e reja t\u00eb pranver\u00ebs kan\u00eb mb\u00ebrritur n\u00eb Optika Moda<\/a><\/h4><span class=\"item_decor\"><\/span><\/div><div class=\"item\"><h4 class=\"post_title\"><a href=\"https:\/\/gegfm.com\/1\/grande-mall-shperblen-blerjet-tuaja-loja-e-pranveres-vazhdon-deri-me-28-qershor\/\">Grande Mall shp\u00ebrblen blerjet tuaja: loja e pranver\u00ebs vazhdon deri m\u00eb 28 qershor<\/a><\/h4><span class=\"item_decor\"><\/span><\/div><div class=\"item\"><h4 class=\"post_title\"><a href=\"https:\/\/gegfm.com\/1\/ngjyra-te-fresketa-stile-te-reja-dhe-zbritje-sezonale-ne-albi-mall-gjilan\/\">Ngjyra t\u00eb fresk\u00ebta, stile t\u00eb reja dhe zbritje sezonale n\u00eb Albi Mall Gjilan<\/a><\/h4><span class=\"item_decor\"><\/span><\/div><\/div><\/div><\/div><\/div>\n\n<div class=\"daho_fn_block_posts daho_fn_block_posts_alpha\"><div class=\"block_wrapper\"><div class=\"swiper-container\"><div class=\"swiper-wrapper\"><div class=\"swiper-slide\"><div class=\"item\"><div class=\"left_part\"><a href=\"https:\/\/gegfm.com\/1\/formesimi-i-paqes-permes-se-vertetes\/\" class=\"fn__full_link\" aria-label=\"Form\u00ebsimi i paqes p\u00ebrmes s\u00eb v\u00ebrtet\u00ebs\"><\/a><div class=\"img\"><img decoding=\"async\" src=\"https:\/\/gegfm.com\/1\/wp-content\/uploads\/2026\/05\/IMG-20260503-WA0002-150x150.jpg\" alt=\"Form\u00ebsimi i paqes p\u00ebrmes s\u00eb v\u00ebrtet\u00ebs\" loading=\"lazy\"><\/div><\/div><div class=\"right_part\"><h4 class=\"post_title fn__limited_title\"><span><a href=\"https:\/\/gegfm.com\/1\/formesimi-i-paqes-permes-se-vertetes\/\">Form\u00ebsimi i paqes p\u00ebrmes s\u00eb v\u00ebrtet\u00ebs<\/a><\/span><\/h4><p class=\"post_date\">03.05.2026<\/p><\/div><\/div><\/div><div class=\"swiper-slide\"><div class=\"item\"><div class=\"left_part\"><a href=\"https:\/\/gegfm.com\/1\/amc-hall-15-maj-marcel-dettmann-sjell-nje-nate-te-madhe-techno-ne-prishtine\/\" class=\"fn__full_link\" aria-label=\"AMC Hall, 15 maj: Marcel Dettmann sjell nj\u00eb nat\u00eb t\u00eb madhe techno n\u00eb Prishtin\u00eb\"><\/a><div class=\"img\"><img decoding=\"async\" src=\"https:\/\/gegfm.com\/1\/wp-content\/uploads\/2026\/04\/image-6-150x150.jpg\" alt=\"AMC Hall, 15 maj: Marcel Dettmann sjell nj\u00eb nat\u00eb t\u00eb madhe techno n\u00eb Prishtin\u00eb\" loading=\"lazy\"><\/div><\/div><div class=\"right_part\"><h4 class=\"post_title fn__limited_title\"><span><a href=\"https:\/\/gegfm.com\/1\/amc-hall-15-maj-marcel-dettmann-sjell-nje-nate-te-madhe-techno-ne-prishtine\/\">AMC Hall, 15 maj: Marcel Dettmann sjell nj\u00eb nat\u00eb t\u00eb madhe techno n\u00eb Prishtin\u00eb<\/a><\/span><\/h4><p class=\"post_date\">25.04.2026<\/p><\/div><\/div><\/div><div class=\"swiper-slide\"><div class=\"item\"><div class=\"left_part\"><a href=\"https:\/\/gegfm.com\/1\/koleksionet-e-reja-te-pranveres-kane-mberritur-ne-optika-moda\/\" class=\"fn__full_link\" aria-label=\"Koleksionet e reja t\u00eb pranver\u00ebs kan\u00eb mb\u00ebrritur n\u00eb Optika Moda\"><\/a><div class=\"img\"><img decoding=\"async\" src=\"https:\/\/gegfm.com\/1\/wp-content\/uploads\/2026\/04\/image-5-150x150.jpg\" alt=\"Koleksionet e reja t\u00eb pranver\u00ebs kan\u00eb mb\u00ebrritur n\u00eb Optika Moda\" loading=\"lazy\"><\/div><\/div><div class=\"right_part\"><h4 class=\"post_title fn__limited_title\"><span><a href=\"https:\/\/gegfm.com\/1\/koleksionet-e-reja-te-pranveres-kane-mberritur-ne-optika-moda\/\">Koleksionet e reja t\u00eb pranver\u00ebs kan\u00eb mb\u00ebrritur n\u00eb Optika Moda<\/a><\/span><\/h4><p class=\"post_date\">25.04.2026<\/p><\/div><\/div><\/div><div class=\"swiper-slide\"><div class=\"item\"><div class=\"left_part\"><a href=\"https:\/\/gegfm.com\/1\/grande-mall-shperblen-blerjet-tuaja-loja-e-pranveres-vazhdon-deri-me-28-qershor\/\" class=\"fn__full_link\" aria-label=\"Grande Mall shp\u00ebrblen blerjet tuaja: loja e pranver\u00ebs vazhdon deri m\u00eb 28 qershor\"><\/a><div class=\"img\"><img decoding=\"async\" src=\"https:\/\/gegfm.com\/1\/wp-content\/uploads\/2026\/04\/image-4-150x150.jpg\" alt=\"Grande Mall shp\u00ebrblen blerjet tuaja: loja e pranver\u00ebs vazhdon deri m\u00eb 28 qershor\" loading=\"lazy\"><\/div><\/div><div class=\"right_part\"><h4 class=\"post_title fn__limited_title\"><span><a href=\"https:\/\/gegfm.com\/1\/grande-mall-shperblen-blerjet-tuaja-loja-e-pranveres-vazhdon-deri-me-28-qershor\/\">Grande Mall shp\u00ebrblen blerjet tuaja: loja e pranver\u00ebs vazhdon deri m\u00eb 28 qershor<\/a><\/span><\/h4><p class=\"post_date\">25.04.2026<\/p><\/div><\/div><\/div><div class=\"swiper-slide\"><div class=\"item\"><div class=\"left_part\"><a href=\"https:\/\/gegfm.com\/1\/ngjyra-te-fresketa-stile-te-reja-dhe-zbritje-sezonale-ne-albi-mall-gjilan\/\" class=\"fn__full_link\" aria-label=\"Ngjyra t\u00eb fresk\u00ebta, stile t\u00eb reja dhe zbritje sezonale n\u00eb Albi Mall Gjilan\"><\/a><div class=\"img\"><img decoding=\"async\" src=\"https:\/\/gegfm.com\/1\/wp-content\/uploads\/2026\/03\/image-1-49-150x150.jpg\" alt=\"Ngjyra t\u00eb fresk\u00ebta, stile t\u00eb reja dhe zbritje sezonale n\u00eb Albi Mall Gjilan\" loading=\"lazy\"><\/div><\/div><div class=\"right_part\"><h4 class=\"post_title fn__limited_title\"><span><a href=\"https:\/\/gegfm.com\/1\/ngjyra-te-fresketa-stile-te-reja-dhe-zbritje-sezonale-ne-albi-mall-gjilan\/\">Ngjyra t\u00eb fresk\u00ebta, stile t\u00eb reja dhe zbritje sezonale n\u00eb Albi Mall Gjilan<\/a><\/span><\/h4><p class=\"post_date\">25.04.2026<\/p><\/div><\/div><\/div><\/div><\/div><div class=\"nav-buttons\"><div class=\"prev-button\"><img decoding=\"async\" class=\"fn--svg \" src=\"https:\/\/gegfm.com\/1\/wp-content\/themes\/daho\/assets\/svg\/right-arrow.svg\" alt=\"svg\"><\/div><div class=\"next-button\"><img decoding=\"async\" class=\"fn--svg \" src=\"https:\/\/gegfm.com\/1\/wp-content\/themes\/daho\/assets\/svg\/right-arrow.svg\" alt=\"svg\"><\/div><\/div><\/div><\/div>\n\n<div class=\"daho_fn_block_posts daho_fn_block_posts_eta\" data-layout=\"eta_1\"><div class=\"block_wrapper\"><div class=\"item active\"><div class=\"img\"><img decoding=\"async\" src=\"https:\/\/gegfm.com\/1\/wp-content\/uploads\/2026\/05\/IMG-20260503-WA0002.jpg\" alt=\"Form\u00ebsimi i paqes p\u00ebrmes s\u00eb v\u00ebrtet\u00ebs\" loading=\"lazy\"><div class=\"color_overlay\"><\/div><\/div><div class=\"title_holder\"><div class=\"fn__entry_meta\">\r\n\t\t\t\t\t\t\r\n\t\t\t\t\t\t<span class=\"entry-dates\"><span class=\"posted-on\"><time class=\"entry-date published updated\" datetime=\"2026-03-11T15:05:48+02:00\"  itemprop=\"datePublished\">  11.03.2026 <\/time><\/span><\/span>\r\n\t\t\t\t\t<\/div><h4 class=\"post_title fn__limited_title\"><span><a href=\"https:\/\/gegfm.com\/1\/formesimi-i-paqes-permes-se-vertetes\/\">Form\u00ebsimi i paqes p\u00ebrmes s\u00eb v\u00ebrtet\u00ebs<\/a><\/span><\/h4><\/div><div class=\"fn-block-progress-circle\">\r\n\t\t\t\t\t<svg class=\"progress-svg\" viewBox=\"0 0 30 30\">\r\n\t\t\t\t\t\t<circle class=\"progress-bar\" r=\"13\" cx=\"15\" cy=\"15\"><\/circle>\r\n\t\t\t\t  \t<\/svg>\r\n\t\t\t  \t<\/div><\/div><div class=\"item\"><div class=\"img\"><img decoding=\"async\" src=\"https:\/\/gegfm.com\/1\/wp-content\/uploads\/2026\/04\/image-6.jpg\" alt=\"AMC Hall, 15 maj: Marcel Dettmann sjell nj\u00eb nat\u00eb t\u00eb madhe techno n\u00eb Prishtin\u00eb\" loading=\"lazy\"><div class=\"color_overlay\"><\/div><\/div><div class=\"title_holder\"><div class=\"fn__entry_meta\">\r\n\t\t\t\t\t\t\r\n\t\t\t\t\t\t<span class=\"entry-dates\"><span class=\"posted-on\"><time class=\"entry-date published updated\" datetime=\"2026-03-11T15:05:48+02:00\"  itemprop=\"datePublished\">  11.03.2026 <\/time><\/span><\/span>\r\n\t\t\t\t\t<\/div><h4 class=\"post_title fn__limited_title\"><span><a href=\"https:\/\/gegfm.com\/1\/amc-hall-15-maj-marcel-dettmann-sjell-nje-nate-te-madhe-techno-ne-prishtine\/\">AMC Hall, 15 maj: Marcel Dettmann sjell nj\u00eb nat\u00eb t\u00eb madhe techno n\u00eb Prishtin\u00eb<\/a><\/span><\/h4><\/div><div class=\"fn-block-progress-circle\">\r\n\t\t\t\t\t<svg class=\"progress-svg\" viewBox=\"0 0 30 30\">\r\n\t\t\t\t\t\t<circle class=\"progress-bar\" r=\"13\" cx=\"15\" cy=\"15\"><\/circle>\r\n\t\t\t\t  \t<\/svg>\r\n\t\t\t  \t<\/div><\/div><div class=\"item\"><div class=\"img\"><img decoding=\"async\" src=\"https:\/\/gegfm.com\/1\/wp-content\/uploads\/2026\/04\/image-5.jpg\" alt=\"Koleksionet e reja t\u00eb pranver\u00ebs kan\u00eb mb\u00ebrritur n\u00eb Optika Moda\" loading=\"lazy\"><div class=\"color_overlay\"><\/div><\/div><div class=\"title_holder\"><div class=\"fn__entry_meta\">\r\n\t\t\t\t\t\t\r\n\t\t\t\t\t\t<span class=\"entry-dates\"><span class=\"posted-on\"><time class=\"entry-date published updated\" datetime=\"2026-03-11T15:05:48+02:00\"  itemprop=\"datePublished\">  11.03.2026 <\/time><\/span><\/span>\r\n\t\t\t\t\t<\/div><h4 class=\"post_title fn__limited_title\"><span><a href=\"https:\/\/gegfm.com\/1\/koleksionet-e-reja-te-pranveres-kane-mberritur-ne-optika-moda\/\">Koleksionet e reja t\u00eb pranver\u00ebs kan\u00eb mb\u00ebrritur n\u00eb Optika Moda<\/a><\/span><\/h4><\/div><div class=\"fn-block-progress-circle\">\r\n\t\t\t\t\t<svg class=\"progress-svg\" viewBox=\"0 0 30 30\">\r\n\t\t\t\t\t\t<circle class=\"progress-bar\" r=\"13\" cx=\"15\" cy=\"15\"><\/circle>\r\n\t\t\t\t  \t<\/svg>\r\n\t\t\t  \t<\/div><\/div><\/div><\/div>\n\n<div class=\"daho_fn_block_posts daho_fn_block_posts_delta\" data-layout=\"delta_3\"><div class=\"daho_fn_block__title\"><h4 class=\"title\"><span class=\"text\">Pak p\u00ebr vendin<\/span><\/h4><span class=\"lin_decor\"><\/span><\/div><div class=\"block_wrapper\"><div class=\"col_wrapper col_1 col_primary\"><div class=\"fn-block-progress-circle\">\r\n\t\t\t\t\t<svg class=\"progress-svg\" viewBox=\"0 0 30 30\">\r\n\t\t\t\t\t\t<circle class=\"progress-bar\" r=\"13\" cx=\"15\" cy=\"15\"><\/circle>\r\n\t\t\t\t  \t<\/svg>\r\n\t\t\t  \t<\/div><div class=\"col_in\"><div class=\"swiper-container\"><div class=\"swiper-wrapper\"><div class=\"swiper-slide\"><div class=\"item\"><div class=\"img\"><a href=\"https:\/\/gegfm.com\/1\/formesimi-i-paqes-permes-se-vertetes\/\" class=\"fn__full_link\" aria-label=\"Form\u00ebsimi i paqes p\u00ebrmes s\u00eb v\u00ebrtet\u00ebs\"><\/a><img decoding=\"async\" src=\"https:\/\/gegfm.com\/1\/wp-content\/uploads\/2026\/05\/IMG-20260503-WA0002.jpg\" alt=\"Form\u00ebsimi i paqes p\u00ebrmes s\u00eb v\u00ebrtet\u00ebs\" loading=\"lazy\"><div class=\"color_overlay\"><\/div><\/div><div class=\"title_holder\"><div class=\"fn__entry_meta\">\r\n\t\t\t\t\t\t\t\r\n\t\t\t\t\t\t\t<span class=\"entry-dates\"><span class=\"posted-on\"><time class=\"entry-date published updated\" datetime=\"2026-03-11T15:05:48+02:00\"  itemprop=\"datePublished\">  11.03.2026 <\/time><\/span><\/span>\r\n\t\t\t\t\t\t<\/div><h4 class=\"post_title fn__limited_title\"><span><a href=\"https:\/\/gegfm.com\/1\/formesimi-i-paqes-permes-se-vertetes\/\">Form\u00ebsimi i paqes p\u00ebrmes s\u00eb v\u00ebrtet\u00ebs<\/a><\/span><\/h4><\/div><\/div><\/div><\/div><\/div><\/div><\/div><div class=\"col_wrapper col_2 col_secondary\"><div class=\"col_in\"><div class=\"item\"><div class=\"img\"><a href=\"https:\/\/gegfm.com\/1\/amc-hall-15-maj-marcel-dettmann-sjell-nje-nate-te-madhe-techno-ne-prishtine\/\" class=\"fn__full_link\" aria-label=\"AMC Hall, 15 maj: Marcel Dettmann sjell nj\u00eb nat\u00eb t\u00eb madhe techno n\u00eb Prishtin\u00eb\"><\/a><img decoding=\"async\" src=\"https:\/\/gegfm.com\/1\/wp-content\/uploads\/2026\/04\/image-6-300x202.jpg\" alt=\"AMC Hall, 15 maj: Marcel Dettmann sjell nj\u00eb nat\u00eb t\u00eb madhe techno n\u00eb Prishtin\u00eb\" loading=\"lazy\"><\/div><h4 class=\"post_title fn__limited_title\"><span><a href=\"https:\/\/gegfm.com\/1\/amc-hall-15-maj-marcel-dettmann-sjell-nje-nate-te-madhe-techno-ne-prishtine\/\">AMC Hall, 15 maj: Marcel Dettmann sjell nj\u00eb nat\u00eb t\u00eb madhe techno n\u00eb Prishtin\u00eb<\/a><\/span><\/h4><p class=\"post_date\">25.04.2026<\/p><\/div><div class=\"item\"><div class=\"img\"><a href=\"https:\/\/gegfm.com\/1\/koleksionet-e-reja-te-pranveres-kane-mberritur-ne-optika-moda\/\" class=\"fn__full_link\" aria-label=\"Koleksionet e reja t\u00eb pranver\u00ebs kan\u00eb mb\u00ebrritur n\u00eb Optika Moda\"><\/a><img decoding=\"async\" src=\"https:\/\/gegfm.com\/1\/wp-content\/uploads\/2026\/04\/image-5-300x200.jpg\" alt=\"Koleksionet e reja t\u00eb pranver\u00ebs kan\u00eb mb\u00ebrritur n\u00eb Optika Moda\" loading=\"lazy\"><\/div><h4 class=\"post_title fn__limited_title\"><span><a href=\"https:\/\/gegfm.com\/1\/koleksionet-e-reja-te-pranveres-kane-mberritur-ne-optika-moda\/\">Koleksionet e reja t\u00eb pranver\u00ebs kan\u00eb mb\u00ebrritur n\u00eb Optika Moda<\/a><\/span><\/h4><p class=\"post_date\">25.04.2026<\/p><\/div><\/div><\/div><div class=\"col_wrapper col_3 col_secondary\"><div class=\"col_in\"><div class=\"item\"><div class=\"img\"><a href=\"https:\/\/gegfm.com\/1\/grande-mall-shperblen-blerjet-tuaja-loja-e-pranveres-vazhdon-deri-me-28-qershor\/\" class=\"fn__full_link\" aria-label=\"Grande Mall shp\u00ebrblen blerjet tuaja: loja e pranver\u00ebs vazhdon deri m\u00eb 28 qershor\"><\/a><img decoding=\"async\" src=\"https:\/\/gegfm.com\/1\/wp-content\/uploads\/2026\/04\/image-4-300x200.jpg\" alt=\"Grande Mall shp\u00ebrblen blerjet tuaja: loja e pranver\u00ebs vazhdon deri m\u00eb 28 qershor\" loading=\"lazy\"><\/div><h4 class=\"post_title fn__limited_title\"><span><a href=\"https:\/\/gegfm.com\/1\/grande-mall-shperblen-blerjet-tuaja-loja-e-pranveres-vazhdon-deri-me-28-qershor\/\">Grande Mall shp\u00ebrblen blerjet tuaja: loja e pranver\u00ebs vazhdon deri m\u00eb 28 qershor<\/a><\/span><\/h4><p class=\"post_date\">25.04.2026<\/p><\/div><div class=\"item\"><div class=\"img\"><a href=\"https:\/\/gegfm.com\/1\/ngjyra-te-fresketa-stile-te-reja-dhe-zbritje-sezonale-ne-albi-mall-gjilan\/\" class=\"fn__full_link\" aria-label=\"Ngjyra t\u00eb fresk\u00ebta, stile t\u00eb reja dhe zbritje sezonale n\u00eb Albi Mall Gjilan\"><\/a><img decoding=\"async\" src=\"https:\/\/gegfm.com\/1\/wp-content\/uploads\/2026\/03\/image-1-49-300x237.jpg\" alt=\"Ngjyra t\u00eb fresk\u00ebta, stile t\u00eb reja dhe zbritje sezonale n\u00eb Albi Mall Gjilan\" loading=\"lazy\"><\/div><h4 class=\"post_title fn__limited_title\"><span><a href=\"https:\/\/gegfm.com\/1\/ngjyra-te-fresketa-stile-te-reja-dhe-zbritje-sezonale-ne-albi-mall-gjilan\/\">Ngjyra t\u00eb fresk\u00ebta, stile t\u00eb reja dhe zbritje sezonale n\u00eb Albi Mall Gjilan<\/a><\/span><\/h4><p class=\"post_date\">25.04.2026<\/p><\/div><\/div><\/div><\/div><\/div>\n\n<div class=\"daho_fn_block_posts daho_fn_block_posts_delta\" data-layout=\"delta_2\"><div class=\"daho_fn_block__title\"><h4 class=\"title\"><span class=\"text\">Pak p\u00ebr Kultur\u00ebn<\/span><\/h4><span class=\"lin_decor\"><\/span><\/div><div class=\"block_wrapper\"><div class=\"col_wrapper col_1 col_primary\"><div class=\"fn-block-progress-circle\">\r\n\t\t\t\t\t<svg class=\"progress-svg\" viewBox=\"0 0 30 30\">\r\n\t\t\t\t\t\t<circle class=\"progress-bar\" r=\"13\" cx=\"15\" cy=\"15\"><\/circle>\r\n\t\t\t\t  \t<\/svg>\r\n\t\t\t  \t<\/div><div class=\"col_in\"><div class=\"swiper-container\"><div class=\"swiper-wrapper\"><div class=\"swiper-slide\"><div class=\"item\"><div class=\"img\"><a href=\"https:\/\/gegfm.com\/1\/kur-nje-histori-lokale-behet-globale-triumfi-i-morines-ne-sundance-me-shame-and-money\/\" class=\"fn__full_link\" aria-label=\"Kur nj\u00eb histori lokale b\u00ebhet globale: triumfi i Morin\u00ebs n\u00eb Sundance me &quot;Shame and Money&quot;\"><\/a><img decoding=\"async\" src=\"https:\/\/gegfm.com\/1\/wp-content\/uploads\/2026\/04\/image-3.jpg\" alt=\"Kur nj\u00eb histori lokale b\u00ebhet globale: triumfi i Morin\u00ebs n\u00eb Sundance me &quot;Shame and Money&quot;\" loading=\"lazy\"><div class=\"color_overlay\"><\/div><\/div><div class=\"title_holder\"><div class=\"fn__entry_meta\">\r\n\t\t\t\t\t\t\t\r\n\t\t\t\t\t\t\t<span class=\"entry-dates\"><span class=\"posted-on\"><time class=\"entry-date published updated\" datetime=\"2026-03-11T15:05:48+02:00\"  itemprop=\"datePublished\">  11.03.2026 <\/time><\/span><\/span>\r\n\t\t\t\t\t\t<\/div><h4 class=\"post_title fn__limited_title\"><span><a href=\"https:\/\/gegfm.com\/1\/kur-nje-histori-lokale-behet-globale-triumfi-i-morines-ne-sundance-me-shame-and-money\/\">Kur nj\u00eb histori lokale b\u00ebhet globale: triumfi i Morin\u00ebs n\u00eb Sundance me &#8220;Shame and Money&#8221;<\/a><\/span><\/h4><\/div><\/div><\/div><div class=\"swiper-slide\"><div class=\"item\"><div class=\"img\"><a href=\"https:\/\/gegfm.com\/1\/tre-mysafire-tre-dysheke-ajri-dhe-nje-ide-qe-pushtoi-boten-si-lindi-airbnb\/\" class=\"fn__full_link\" aria-label=\"Tre mysafir\u00eb, tre dyshek\u00eb ajri dhe nj\u00eb ide q\u00eb pushtoi bot\u00ebn: si lindi Airbnb\"><\/a><img decoding=\"async\" src=\"https:\/\/gegfm.com\/1\/wp-content\/uploads\/2026\/03\/image-1-92.jpg\" alt=\"Tre mysafir\u00eb, tre dyshek\u00eb ajri dhe nj\u00eb ide q\u00eb pushtoi bot\u00ebn: si lindi Airbnb\" loading=\"lazy\"><div class=\"color_overlay\"><\/div><\/div><div class=\"title_holder\"><div class=\"fn__entry_meta\">\r\n\t\t\t\t\t\t\t\r\n\t\t\t\t\t\t\t<span class=\"entry-dates\"><span class=\"posted-on\"><time class=\"entry-date published updated\" datetime=\"2026-03-11T15:05:48+02:00\"  itemprop=\"datePublished\">  11.03.2026 <\/time><\/span><\/span>\r\n\t\t\t\t\t\t<\/div><h4 class=\"post_title fn__limited_title\"><span><a href=\"https:\/\/gegfm.com\/1\/tre-mysafire-tre-dysheke-ajri-dhe-nje-ide-qe-pushtoi-boten-si-lindi-airbnb\/\">Tre mysafir\u00eb, tre dyshek\u00eb ajri dhe nj\u00eb ide q\u00eb pushtoi bot\u00ebn: si lindi Airbnb<\/a><\/span><\/h4><\/div><\/div><\/div><\/div><\/div><\/div><\/div><div class=\"col_wrapper col_2 col_secondary\"><div class=\"col_in\"><div class=\"item\"><div class=\"img\"><a href=\"https:\/\/gegfm.com\/1\/kaltrina-krasniqi-rikthehet-me-filmin-zbardhje-bashkon-adriana-matoshin-dhe-arta-dobroshin-ne-nje-drame-urbane\/\" class=\"fn__full_link\" aria-label=\"Kaltrina Krasniqi rikthehet me filmin \u201cZbardhje\u201d, bashkon Adriana Matoshin dhe Arta Dobroshin n\u00eb nj\u00eb dram\u00eb urbane\"><\/a><img decoding=\"async\" src=\"https:\/\/gegfm.com\/1\/wp-content\/uploads\/2026\/03\/image-1-91-300x200.jpg\" alt=\"Kaltrina Krasniqi rikthehet me filmin \u201cZbardhje\u201d, bashkon Adriana Matoshin dhe Arta Dobroshin n\u00eb nj\u00eb dram\u00eb urbane\" loading=\"lazy\"><\/div><h4 class=\"post_title fn__limited_title\"><span><a href=\"https:\/\/gegfm.com\/1\/kaltrina-krasniqi-rikthehet-me-filmin-zbardhje-bashkon-adriana-matoshin-dhe-arta-dobroshin-ne-nje-drame-urbane\/\">Kaltrina Krasniqi rikthehet me filmin \u201cZbardhje\u201d, bashkon Adriana Matoshin dhe Arta Dobroshin n\u00eb nj\u00eb dram\u00eb urbane<\/a><\/span><\/h4><p class=\"post_date\">25.03.2026<\/p><\/div><div class=\"item\"><div class=\"img\"><a href=\"https:\/\/gegfm.com\/1\/kompania-kineze-shperblen-punonjesit-per-kilometra-vrapimi\/\" class=\"fn__full_link\" aria-label=\"Kompania kineze shp\u00ebrblen punonj\u00ebsit p\u00ebr kilometra vrapimi\"><\/a><img decoding=\"async\" src=\"https:\/\/gegfm.com\/1\/wp-content\/uploads\/2026\/03\/image-1-89-300x169.jpg\" alt=\"Kompania kineze shp\u00ebrblen punonj\u00ebsit p\u00ebr kilometra vrapimi\" loading=\"lazy\"><\/div><h4 class=\"post_title fn__limited_title\"><span><a href=\"https:\/\/gegfm.com\/1\/kompania-kineze-shperblen-punonjesit-per-kilometra-vrapimi\/\">Kompania kineze shp\u00ebrblen punonj\u00ebsit p\u00ebr kilometra vrapimi<\/a><\/span><\/h4><p class=\"post_date\">25.03.2026<\/p><\/div><\/div><\/div><div class=\"col_wrapper col_3 col_secondary\"><div class=\"col_in\"><div class=\"item\"><div class=\"img\"><a href=\"https:\/\/gegfm.com\/1\/ne-egjipt-zbulohen-mbi-43-mije-shenime-te-perditshme-nga-me-shume-se-2000-vjet-me-pare\/\" class=\"fn__full_link\" aria-label=\"N\u00eb Egjipt zbulohen mbi 43 mij\u00eb sh\u00ebnime t\u00eb p\u00ebrditshme nga m\u00eb shum\u00eb se 2000 vjet m\u00eb par\u00eb\"><\/a><img decoding=\"async\" src=\"https:\/\/gegfm.com\/1\/wp-content\/uploads\/2026\/03\/image-1-87-300x224.jpg\" alt=\"N\u00eb Egjipt zbulohen mbi 43 mij\u00eb sh\u00ebnime t\u00eb p\u00ebrditshme nga m\u00eb shum\u00eb se 2000 vjet m\u00eb par\u00eb\" loading=\"lazy\"><\/div><h4 class=\"post_title fn__limited_title\"><span><a href=\"https:\/\/gegfm.com\/1\/ne-egjipt-zbulohen-mbi-43-mije-shenime-te-perditshme-nga-me-shume-se-2000-vjet-me-pare\/\">N\u00eb Egjipt zbulohen mbi 43 mij\u00eb sh\u00ebnime t\u00eb p\u00ebrditshme nga m\u00eb shum\u00eb se 2000 vjet m\u00eb par\u00eb<\/a><\/span><\/h4><p class=\"post_date\">25.03.2026<\/p><\/div><div class=\"item\"><div class=\"img\"><a href=\"https:\/\/gegfm.com\/1\/java-e-frankofonise-vazhdon-ne-gjilan-aktivitetet-e-25-marsit-sjellin-kulture-art-dhe-gjuhe-franceze\/\" class=\"fn__full_link\" aria-label=\"Java e Frankofonis\u00eb vazhdon n\u00eb Gjilan: aktivitetet e 25 marsit sjellin kultur\u00eb, art dhe gjuh\u00eb franceze\"><\/a><img decoding=\"async\" src=\"https:\/\/gegfm.com\/1\/wp-content\/uploads\/2026\/03\/image-1-80-300x200.jpg\" alt=\"Java e Frankofonis\u00eb vazhdon n\u00eb Gjilan: aktivitetet e 25 marsit sjellin kultur\u00eb, art dhe gjuh\u00eb franceze\" loading=\"lazy\"><\/div><h4 class=\"post_title fn__limited_title\"><span><a href=\"https:\/\/gegfm.com\/1\/java-e-frankofonise-vazhdon-ne-gjilan-aktivitetet-e-25-marsit-sjellin-kulture-art-dhe-gjuhe-franceze\/\">Java e Frankofonis\u00eb vazhdon n\u00eb Gjilan: aktivitetet e 25 marsit sjellin kultur\u00eb, art dhe gjuh\u00eb franceze<\/a><\/span><\/h4><p class=\"post_date\">25.03.2026<\/p><\/div><\/div><\/div><\/div><\/div>\n\n\n<p><\/p>\n","protected":false},"excerpt":{"rendered":"","protected":false},"author":1,"featured_media":338,"parent":0,"menu_order":0,"comment_status":"closed","ping_status":"closed","template":"page-blog.php","meta":{"footnotes":""},"class_list":["post-282","page","type-page","status-publish","has-post-thumbnail","hentry","entry daho-fn-article"],"_links":{"self":[{"href":"https:\/\/gegfm.com\/1\/wp-json\/wp\/v2\/pages\/282","targetHints":{"allow":["GET"]}}],"collection":[{"href":"https:\/\/gegfm.com\/1\/wp-json\/wp\/v2\/pages"}],"about":[{"href":"https:\/\/gegfm.com\/1\/wp-json\/wp\/v2\/types\/page"}],"author":[{"embeddable":true,"href":"https:\/\/gegfm.com\/1\/wp-json\/wp\/v2\/users\/1"}],"replies":[{"embeddable":true,"href":"https:\/\/gegfm.com\/1\/wp-json\/wp\/v2\/comments?post=282"}],"version-history":[{"count":71,"href":"https:\/\/gegfm.com\/1\/wp-json\/wp\/v2\/pages\/282\/revisions"}],"predecessor-version":[{"id":5149,"href":"https:\/\/gegfm.com\/1\/wp-json\/wp\/v2\/pages\/282\/revisions\/5149"}],"wp:featuredmedia":[{"embeddable":true,"href":"https:\/\/gegfm.com\/1\/wp-json\/wp\/v2\/media\/338"}],"wp:attachment":[{"href":"https:\/\/gegfm.com\/1\/wp-json\/wp\/v2\/media?parent=282"}],"curies":[{"name":"wp","href":"https:\/\/api.w.org\/{rel}","templated":true}]}}